{"id":55,"date":"2025-09-25T09:32:59","date_gmt":"2025-09-25T09:32:59","guid":{"rendered":"https:\/\/fotocollager.dk\/?page_id=55"},"modified":"2025-10-08T14:53:08","modified_gmt":"2025-10-08T14:53:08","slug":"senest","status":"publish","type":"page","link":"https:\/\/fotocollager.dk\/?page_id=55","title":{"rendered":"Senest"},"content":{"rendered":"\n<div style=\"height:24px\" aria-hidden=\"true\" class=\"wp-block-spacer\"><\/div>\n\n\n\n<p class=\"has-text-align-center has-neve-text-color-color has-text-color has-link-color has-x-large-font-size wp-elements-e34d46b228d16feeeb9eddda5475190e\">Senest<\/p>\n\n\n\n<div class=\"wp-block-cover alignfull\" style=\"min-height:320px;aspect-ratio:unset;\"><span aria-hidden=\"true\" class=\"wp-block-cover__background has-nv-site-bg-background-color has-background-dim-100 has-background-dim\"><\/span><div class=\"wp-block-cover__inner-container is-layout-flow wp-block-cover-is-layout-flow\">\n<div class=\"wp-block-columns is-layout-flex wp-container-core-columns-is-layout-9d6595d7 wp-block-columns-is-layout-flex\">\n<div class=\"wp-block-column is-layout-flow wp-block-column-is-layout-flow\" style=\"flex-basis:15%\"><\/div>\n\n\n\n<div class=\"wp-block-column is-layout-flow wp-block-column-is-layout-flow\" style=\"flex-basis:70%\">\n<p class=\"has-neve-text-color-color has-text-color has-link-color has-medium-font-size wp-elements-ea6f6ab165a43e9673f8f61fb34b0bdb\">I marts 2025 meldte jeg mig ind i Lyngby Kunstforening. Godt en uge senere modtog jeg, og alle andre medlemmer, en invitation til at deltage i en censureret udstilling i Portnerboligen p\u00e5 Sophienholm, hvor kunstforeningen holder til. Udstillingen kaldtes \u201cOpen Call 20&#215;20\u201d, og kort fortalt gik det ud p\u00e5, at man skulle lave 4 v\u00e6rker med m\u00e5lene 20&#215;20 cm. V\u00e6rkerne skulle vurderes i 2 runder, og til sidst blev der udvalgt 64 kunstnere ud af de 125 interesserede.<\/p>\n\n\n\n<p class=\"has-neve-text-color-color has-text-color has-link-color has-medium-font-size wp-elements-91934f97bd3e996bac7e4b1c70b999f8\">Da jeg modtog invitationen, var jeg igang med at lave en serie collager, prim\u00e6rt med fotos fra Island, og jeg valgte at kaste mig ud i udfordringen. Mine 4 fotocollager faldt i juryens smag og fik en meget fin placering p\u00e5 v\u00e6ggen i Portnerboligen. Collagerne faldt ogs\u00e5 i publikums smag, og jeg fik til min store gl\u00e6de solgt 3 af de 4 collager :-).<\/p>\n<\/div>\n\n\n\n<div class=\"wp-block-column is-layout-flow wp-block-column-is-layout-flow\" style=\"flex-basis:15%\"><\/div>\n<\/div>\n\n\n\n<div class=\"wp-block-columns is-layout-flex wp-container-core-columns-is-layout-9d6595d7 wp-block-columns-is-layout-flex\">\n<div class=\"wp-block-column is-layout-flow wp-block-column-is-layout-flow\" style=\"flex-basis:15%\"><\/div>\n\n\n\n<div class=\"wp-block-column is-layout-flow wp-block-column-is-layout-flow\" style=\"flex-basis:70%\">\n<div class=\"wp-block-columns is-layout-flex wp-container-core-columns-is-layout-9d6595d7 wp-block-columns-is-layout-flex\">\n<div class=\"wp-block-column is-layout-flow wp-block-column-is-layout-flow\" style=\"flex-basis:25%\"><\/div>\n\n\n\n<div class=\"wp-block-column is-layout-flow wp-block-column-is-layout-flow\" style=\"flex-basis:50%\">\n<figure class=\"wp-block-image size-large\"><img loading=\"lazy\" decoding=\"async\" width=\"768\" height=\"1024\" src=\"http:\/\/fotocollager.dk\/wp-content\/uploads\/2025\/10\/IMG_5679-2-768x1024.jpg\" alt=\"\" class=\"wp-image-411\" srcset=\"https:\/\/fotocollager.dk\/wp-content\/uploads\/2025\/10\/IMG_5679-2-768x1024.jpg 768w, https:\/\/fotocollager.dk\/wp-content\/uploads\/2025\/10\/IMG_5679-2-225x300.jpg 225w, https:\/\/fotocollager.dk\/wp-content\/uploads\/2025\/10\/IMG_5679-2-1152x1536.jpg 1152w, https:\/\/fotocollager.dk\/wp-content\/uploads\/2025\/10\/IMG_5679-2-1536x2048.jpg 1536w, https:\/\/fotocollager.dk\/wp-content\/uploads\/2025\/10\/IMG_5679-2-scaled.jpg 1920w\" sizes=\"auto, (max-width: 768px) 100vw, 768px\" \/><\/figure>\n<\/div>\n\n\n\n<div class=\"wp-block-column is-layout-flow wp-block-column-is-layout-flow\" style=\"flex-basis:25%\"><\/div>\n<\/div>\n<\/div>\n\n\n\n<div class=\"wp-block-column is-layout-flow wp-block-column-is-layout-flow\" style=\"flex-basis:15%\"><\/div>\n<\/div>\n\n\n\n<div class=\"wp-block-columns is-layout-flex wp-container-core-columns-is-layout-9d6595d7 wp-block-columns-is-layout-flex\">\n<div class=\"wp-block-column is-layout-flow wp-block-column-is-layout-flow\" style=\"flex-basis:15%\"><\/div>\n\n\n\n<div class=\"wp-block-column is-layout-flow wp-block-column-is-layout-flow\" style=\"flex-basis:70%\">\n<div class=\"wp-block-columns is-layout-flex wp-container-core-columns-is-layout-9d6595d7 wp-block-columns-is-layout-flex\">\n<div class=\"wp-block-column is-layout-flow wp-block-column-is-layout-flow\">\n<p><\/p>\n\n\n\n<p class=\"has-neve-text-color-color has-text-color has-link-color has-medium-font-size wp-elements-39494e08ec395512d043e3b2dd677dbf\">Udstillingen var flot og mangfoldig og fik ogs\u00e5 rosende omtale i Kunstavisen.<\/p>\n\n\n\n<p><\/p>\n<\/div>\n\n\n\n<div class=\"wp-block-column is-layout-flow wp-block-column-is-layout-flow\">\n<figure class=\"wp-block-embed is-type-wp-embed is-provider-kunstavisen wp-block-embed-kunstavisen\"><div class=\"wp-block-embed__wrapper\">\n<blockquote class=\"wp-embedded-content\" data-secret=\"9d1MEpgPQA\"><a href=\"https:\/\/kunstavisen.dk\/article\/open-call-20-x-20-er-som-et-smykkeskrin\/\">Open Call 20 x 20 er som et smykkeskrin<\/a><\/blockquote><iframe loading=\"lazy\" class=\"wp-embedded-content\" sandbox=\"allow-scripts\" security=\"restricted\" style=\"position: absolute; visibility: hidden;\" title=\"&#8220;Open Call 20 x 20 er som et smykkeskrin&#8221; &#8212; Kunstavisen\" src=\"https:\/\/kunstavisen.dk\/article\/open-call-20-x-20-er-som-et-smykkeskrin\/embed\/#?secret=N9ssKLITyC#?secret=9d1MEpgPQA\" data-secret=\"9d1MEpgPQA\" width=\"600\" height=\"338\" frameborder=\"0\" marginwidth=\"0\" marginheight=\"0\" scrolling=\"no\"><\/iframe>\n<\/div><\/figure>\n<\/div>\n<\/div>\n\n\n\n<p class=\"has-neve-text-color-color has-text-color has-link-color has-medium-font-size wp-elements-837e887f9e1d83d810767a6caf62c108\">I forbindelse med udstillingen viste jeg den nye serie af collager frem i privaten.<\/p>\n<\/div>\n\n\n\n<div class=\"wp-block-column is-layout-flow wp-block-column-is-layout-flow\" style=\"flex-basis:15%\"><\/div>\n<\/div>\n\n\n\n<div class=\"wp-block-columns is-layout-flex wp-container-core-columns-is-layout-9d6595d7 wp-block-columns-is-layout-flex\">\n<div class=\"wp-block-column is-layout-flow wp-block-column-is-layout-flow\" style=\"flex-basis:15%\"><\/div>\n\n\n\n<div class=\"wp-block-column is-layout-flow wp-block-column-is-layout-flow\" style=\"flex-basis:70%\">\n<p class=\"has-neve-text-color-color has-text-color has-link-color has-medium-font-size wp-elements-d505804844ffff3d02c8b89de1600ffd\">Forl\u00f8bet ovenfor f\u00f8rte til en erkendelse af, at jeg var n\u00f8dt til at lave en ny version af min 20 \u00e5r gamle hjemmeside. Det er s\u00e5 gjort nu :-).<\/p>\n<\/div>\n\n\n\n<div class=\"wp-block-column is-layout-flow wp-block-column-is-layout-flow\" style=\"flex-basis:15%\"><\/div>\n<\/div>\n<\/div><\/div>\n\n\n\n<p><\/p>\n","protected":false},"excerpt":{"rendered":"<p>Senest<\/p>\n","protected":false},"author":1,"featured_media":0,"parent":0,"menu_order":5,"comment_status":"closed","ping_status":"closed","template":"","meta":{"neve_meta_sidebar":"","neve_meta_container":"","neve_meta_enable_content_width":"on","neve_meta_content_width":100,"neve_meta_title_alignment":"","neve_meta_author_avatar":"","neve_post_elements_order":"","neve_meta_disable_header":"","neve_meta_disable_footer":"","neve_meta_disable_title":"on","footnotes":""},"class_list":["post-55","page","type-page","status-publish","hentry"],"_links":{"self":[{"href":"https:\/\/fotocollager.dk\/index.php?rest_route=\/wp\/v2\/pages\/55","targetHints":{"allow":["GET"]}}],"collection":[{"href":"https:\/\/fotocollager.dk\/index.php?rest_route=\/wp\/v2\/pages"}],"about":[{"href":"https:\/\/fotocollager.dk\/index.php?rest_route=\/wp\/v2\/types\/page"}],"author":[{"embeddable":true,"href":"https:\/\/fotocollager.dk\/index.php?rest_route=\/wp\/v2\/users\/1"}],"replies":[{"embeddable":true,"href":"https:\/\/fotocollager.dk\/index.php?rest_route=%2Fwp%2Fv2%2Fcomments&post=55"}],"version-history":[{"count":6,"href":"https:\/\/fotocollager.dk\/index.php?rest_route=\/wp\/v2\/pages\/55\/revisions"}],"predecessor-version":[{"id":416,"href":"https:\/\/fotocollager.dk\/index.php?rest_route=\/wp\/v2\/pages\/55\/revisions\/416"}],"wp:attachment":[{"href":"https:\/\/fotocollager.dk\/index.php?rest_route=%2Fwp%2Fv2%2Fmedia&parent=55"}],"curies":[{"name":"wp","href":"https:\/\/api.w.org\/{rel}","templated":true}]}}